{"id":30946,"date":"2026-03-12T09:39:23","date_gmt":"2026-03-12T08:39:23","guid":{"rendered":"https:\/\/zep.gh.company\/?page_id=30946"},"modified":"2026-04-08T09:16:11","modified_gmt":"2026-04-08T07:16:11","slug":"de-reach-verordening","status":"publish","type":"page","link":"https:\/\/zep.gh.company\/nl\/de-reach-verordening\/","title":{"rendered":"Kwaliteit"},"content":{"rendered":"\t\t<div data-elementor-type=\"wp-page\" data-elementor-id=\"30946\" class=\"elementor elementor-30946\" data-elementor-post-type=\"page\">\n\t\t\t\t<div class=\"elementor-element elementor-element-c8b2a7a e-con-full e-flex e-con e-parent\" data-id=\"c8b2a7a\" data-element_type=\"container\" data-settings=\"{&quot;background_background&quot;:&quot;classic&quot;}\">\n\t\t\t\t<div class=\"elementor-element elementor-element-83a15cb elementor-widget elementor-widget-shortcode\" data-id=\"83a15cb\" data-element_type=\"widget\" data-widget_type=\"shortcode.default\">\n\t\t\t\t\t\t\t<div class=\"elementor-shortcode\">\t\t<div data-elementor-type=\"section\" data-elementor-id=\"16680\" class=\"elementor elementor-16680\" data-elementor-post-type=\"elementor_library\">\n\t\t\t<div class=\"elementor-element elementor-element-311e78d e-flex e-con-boxed e-con e-parent\" data-id=\"311e78d\" data-element_type=\"container\" data-settings=\"{&quot;background_background&quot;:&quot;classic&quot;}\">\n\t\t\t\t\t<div class=\"e-con-inner\">\n\t\t<div class=\"elementor-element elementor-element-2d30ea4 e-con-full e-flex e-con e-child\" data-id=\"2d30ea4\" data-element_type=\"container\">\n\t\t<div class=\"elementor-element elementor-element-9c72fdc e-con-full e-flex e-con e-child\" data-id=\"9c72fdc\" data-element_type=\"container\" data-settings=\"{&quot;background_background&quot;:&quot;classic&quot;}\">\n\t\t\t\t<div class=\"elementor-element elementor-element-f7d9fda elementor-widget__width-initial elementor-widget elementor-widget-text-editor\" data-id=\"f7d9fda\" data-element_type=\"widget\" data-widget_type=\"text-editor.default\">\n\t\t\t\t\t\t\t\t\tZep Europe\t\t\t\t\t\t\t\t<\/div>\n\t\t\t\t<div class=\"elementor-element elementor-element-5bcd83f elementor-widget elementor-widget-heading\" data-id=\"5bcd83f\" data-element_type=\"widget\" data-widget_type=\"heading.default\">\n\t\t\t\t\t<h1 class=\"elementor-heading-title elementor-size-default\">h1-standard-pages<\/h1>\t\t\t\t<\/div>\n\t\t\t\t<div class=\"elementor-element elementor-element-075457a elementor-widget elementor-widget-shortcode\" data-id=\"075457a\" data-element_type=\"widget\" data-widget_type=\"shortcode.default\">\n\t\t\t\t\t\t\t<div class=\"elementor-shortcode\"><nav aria-label=\"breadcrumbs\" class=\"rank-math-breadcrumb\"><p><span class=\"last\">Home<\/span><\/p><\/nav><\/div>\n\t\t\t\t\t\t<\/div>\n\t\t\t\t<\/div>\n\t\t<div class=\"elementor-element elementor-element-cf472d4 e-con-full elementor-hidden-tablet elementor-hidden-mobile e-flex e-con e-child\" data-id=\"cf472d4\" data-element_type=\"container\">\n\t\t\t\t<div class=\"elementor-element elementor-element-3f300b0 elementor-widget__width-initial elementor-widget elementor-widget-text-editor\" data-id=\"3f300b0\" data-element_type=\"widget\" data-widget_type=\"text-editor.default\">\n\t\t\t\t\t\t\t\t\tReady to take the first step towards unlocking opportunity, and embracing innovation?\t\t\t\t\t\t\t\t<\/div>\n\t\t\t\t<\/div>\n\t\t\t\t<\/div>\n\t\t\t\t\t<\/div>\n\t\t\t\t<\/div>\n\t\t<div class=\"elementor-element elementor-element-5e0c33e e-con-full elementor-hidden-tablet elementor-hidden-mobile e-flex e-con e-parent\" data-id=\"5e0c33e\" data-element_type=\"container\" data-settings=\"{&quot;background_background&quot;:&quot;classic&quot;}\">\n\t\t\t\t<\/div>\n\t\t\t\t<\/div>\n\t\t<\/div>\n\t\t\t\t\t\t<\/div>\n\t\t\t\t<\/div>\n\t\t<div class=\"elementor-element elementor-element-83c1bd1 e-flex e-con-boxed e-con e-parent\" data-id=\"83c1bd1\" data-element_type=\"container\">\n\t\t\t\t\t<div class=\"e-con-inner\">\n\t\t<div class=\"elementor-element elementor-element-769873f e-con-full e-flex e-con e-child\" data-id=\"769873f\" data-element_type=\"container\">\n\t\t\t\t<div class=\"elementor-element elementor-element-ef44adf elementor-widget__width-initial elementor-widget elementor-widget-text-editor\" data-id=\"ef44adf\" data-element_type=\"widget\" data-widget_type=\"text-editor.default\">\n\t\t\t\t\t\t\t\t\t<p>Il <b>Manuale della Qualit\u00e0<\/b> di Zep Industries descrive le procedure alla base di tutti i processi aziendali.<br \/>Queste procedure delineano i progressi all&#8217;interno di un&#8217;unit\u00e0 aziendale, con riferimenti alle procedure di altri reparti. Le istruzioni di lavoro forniscono informazioni dettagliate.<br \/><br \/><b>L&#8217;obiettivo di queste procedure e istruzioni di lavoro \u00e8 soddisfare le esigenze del cliente, il fattore pi\u00f9 importante per l&#8217;esistenza di Zep Industries BV.<\/b><br \/><br \/><\/p><p>Un altro obiettivo importante \u00e8 il perseguimento del miglioramento continuo delle prestazioni di Zep: misurare e analizzare questi risultati \u00e8 fondamentale per determinare i progressi verso il raggiungimento degli obiettivi.<\/p><p><br \/>Il fondamento del sistema di garanzia della qualit\u00e0 risiede nel processo primario: tutte le attivit\u00e0 all&#8217;interno del triangolo vendite, produzione e logistica. Il processo secondario \u00e8 di supporto e include le attivit\u00e0 del reparto tecnico, del laboratorio e dei reparti Finanza, Risorse Umane e Information Technology.<br \/><br \/>Molte delle procedure del sistema di garanzia della qualit\u00e0 sono applicate direttamente anche ad altri aspetti del sistema di gestione, come compiti e responsabilit\u00e0 dei dipendenti, formazione dei dipendenti, comunicazione interna, procedure di reclamo, azioni preventive e correttive, audit interni e valutazioni della direzione sulle prestazioni del sistema di gestione.<\/p><p>Il sistema di garanzia della qualit\u00e0 di Zep Industries BV \u00e8 certificato<b> ISO 9001:2015 <\/b>. Un audit annuale approfondito viene condotto da un revisore esterno indipendente.<\/p>\t\t\t\t\t\t\t\t<\/div>\n\t\t\t\t<div class=\"elementor-element elementor-element-f7d2659 elementor-mobile-align-justify elementor-widget elementor-widget-button\" data-id=\"f7d2659\" data-element_type=\"widget\" title=\"b2b catalogue\" data-widget_type=\"button.default\">\n\t\t\t\t\t\t\t\t\t\t<a class=\"elementor-button elementor-button-link elementor-size-sm\" href=\"http:\/\/zep.gh.company\/wp-content\/uploads\/2026\/03\/ZEP_ITALIA_SRL-9001.pdf\">\n\t\t\t\t\t\t<span class=\"elementor-button-content-wrapper\">\n\t\t\t\t\t\t<span class=\"elementor-button-icon\">\n\t\t\t\t<i aria-hidden=\"true\" class=\"phl phlight-arrow-line-down\"><\/i>\t\t\t<\/span>\n\t\t\t\t\t\t\t\t\t<span class=\"elementor-button-text\">Download<\/span>\n\t\t\t\t\t<\/span>\n\t\t\t\t\t<\/a>\n\t\t\t\t\t\t\t\t<\/div>\n\t\t\t\t<\/div>\n\t\t<div class=\"elementor-element elementor-element-572f917 e-con-full e-flex e-con e-child\" data-id=\"572f917\" data-element_type=\"container\" data-settings=\"{&quot;sticky&quot;:&quot;top&quot;,&quot;sticky_on&quot;:[&quot;tablet&quot;],&quot;sticky_offset&quot;:140,&quot;sticky_offset_tablet&quot;:140,&quot;sticky_parent&quot;:&quot;yes&quot;,&quot;sticky_effects_offset&quot;:0,&quot;sticky_anchor_link_offset&quot;:0}\">\n\t\t\t\t<div class=\"elementor-element elementor-element-43563ab elementor-widget elementor-widget-image\" data-id=\"43563ab\" data-element_type=\"widget\" data-widget_type=\"image.default\">\n\t\t\t\t\t\t\t\t\t\t\t\t\t\t\t<img fetchpriority=\"high\" decoding=\"async\" width=\"600\" height=\"849\" src=\"https:\/\/zep.gh.company\/wp-content\/uploads\/2026\/03\/ZEP_ISO_IT.jpg\" class=\"attachment-large size-large wp-image-30955\" alt=\"\" srcset=\"https:\/\/zep.gh.company\/wp-content\/uploads\/2026\/03\/ZEP_ISO_IT.jpg 600w, https:\/\/zep.gh.company\/wp-content\/uploads\/2026\/03\/ZEP_ISO_IT-212x300.jpg 212w\" sizes=\"(max-width: 600px) 100vw, 600px\" \/>\t\t\t\t\t\t\t\t\t\t\t\t\t\t\t<\/div>\n\t\t\t\t<\/div>\n\t\t\t\t\t<\/div>\n\t\t\t\t<\/div>\n\t\t\t\t<\/div>\n\t\t","protected":false},"excerpt":{"rendered":"<p>Il Manuale della Qualit\u00e0 di Zep Industries descrive le procedure alla base di tutti i processi aziendali.Queste procedure delineano i progressi all&#8217;interno di un&#8217;unit\u00e0 aziendale, con riferimenti alle procedure di altri reparti. Le istruzioni di lavoro forniscono informazioni dettagliate. L&#8217;obiettivo di queste procedure e istruzioni di lavoro \u00e8 soddisfare le esigenze del cliente, il fattore [&hellip;]<\/p>\n","protected":false},"author":1,"featured_media":0,"parent":0,"menu_order":0,"comment_status":"closed","ping_status":"closed","template":"","meta":{"_acf_changed":false,"footnotes":""},"class_list":["post-30946","page","type-page","status-publish","hentry"],"acf":[],"_links":{"self":[{"href":"https:\/\/zep.gh.company\/nl\/wp-json\/wp\/v2\/pages\/30946","targetHints":{"allow":["GET"]}}],"collection":[{"href":"https:\/\/zep.gh.company\/nl\/wp-json\/wp\/v2\/pages"}],"about":[{"href":"https:\/\/zep.gh.company\/nl\/wp-json\/wp\/v2\/types\/page"}],"author":[{"embeddable":true,"href":"https:\/\/zep.gh.company\/nl\/wp-json\/wp\/v2\/users\/1"}],"replies":[{"embeddable":true,"href":"https:\/\/zep.gh.company\/nl\/wp-json\/wp\/v2\/comments?post=30946"}],"version-history":[{"count":19,"href":"https:\/\/zep.gh.company\/nl\/wp-json\/wp\/v2\/pages\/30946\/revisions"}],"predecessor-version":[{"id":34314,"href":"https:\/\/zep.gh.company\/nl\/wp-json\/wp\/v2\/pages\/30946\/revisions\/34314"}],"wp:attachment":[{"href":"https:\/\/zep.gh.company\/nl\/wp-json\/wp\/v2\/media?parent=30946"}],"curies":[{"name":"wp","href":"https:\/\/api.w.org\/{rel}","templated":true}]}}